{"id":768,"date":"2021-02-15T14:10:35","date_gmt":"2021-02-15T13:10:35","guid":{"rendered":"https:\/\/www.otberg-medical.de\/data-protection\/"},"modified":"2021-02-16T13:53:09","modified_gmt":"2021-02-16T12:53:09","slug":"data-protection","status":"publish","type":"page","link":"https:\/\/www.otberg-medical.de\/en\/data-protection\/","title":{"rendered":"Data Protection"},"content":{"rendered":"<p><strong>Data Protection Declaration<\/strong><\/p>\n<p>&nbsp;<\/p>\n<hr \/>\n<h2>Hinweise zum Schutz Ihrer personenbezogenen Daten<\/h2>\n<p>Mit den folgenden Hinweisen informieren wir Sie \u00fcber die Verarbeitung Ihrer pers\u00f6nlichen, d. h. personenbezogenen Daten durch Otberg Medical und \u00fcber Ihre Rechte unter Beachtung der EU-Datenschutz-Grundverordnung (DSGVO) und des Bundesdatenschutzgesetzes neu (BDSG) sowie aller weiteren ma\u00dfgeblichen Gesetze. Wir verarbeiten Ihre personenbezogenen Daten grunds\u00e4tzlich nur auf der Basis der oben genannten Verordnung und Gesetzen.<\/p>\n<p>Bei jedem Zugriff eines Nutzers auf eine Seite aus diesem Angebot und bei jedem Abruf einer Datei werden Daten \u00fcber diesen Vorgang in einer Protokolldatei gespeichert.<\/p>\n<p>Im Einzelnen wird \u00fcber jeden Abruf folgender Datensatz gespeichert: Name der abgerufenen Datei, Datum und Uhrzeit des Abrufs, \u00fcbertragene Datenmenge, Meldung, ob der Abruf erfolgreich war, IP-Adresse des Rechners, \u00fcber den die Anfrage uns erreicht. Die gespeicherten Daten werden nur zu statistischen Zwecken ausgewertet. Eine Weitergabe an Dritte findet nicht statt.<\/p>\n<h2><\/h2>\n<hr \/>\n<h2>Rechtsgrundlage der Verarbeitung<\/h2>\n<p>Art. 6 Abs. S. 1 lit. a DSGVO dient unserem Unternehmen als Rechtsgrundlage f\u00fcr Verarbeitungsvorg\u00e4nge, bei denen wir eine Einwilligung f\u00fcr einen bestimmten Verarbeitungszweck einholen. Ist die Verarbeitung personenbezogener Daten zur Erf\u00fcllung eines Vertrags, dessen Vertragspartei die betroffene Person ist, erforderlich, wie dies beispielsweise bei Verarbeitungsvorg\u00e4ngen der Fall ist, die f\u00fcr eine Lieferung von Waren oder die Erbringung einer sonstigen Leistung oder Gegenleistung notwendig sind, so beruht die Verarbeitung auf Art. 6 Abs. S. 1 lit. b DSGVO. Gleiches gilt f\u00fcr solche Verarbeitungsvorg\u00e4nge, die zur Durchf\u00fchrung vorvertraglicher Ma\u00dfnahmen erforderlich sind, etwa in F\u00e4llen von Anfragen zur unseren Produkten oder Leistungen. Unterliegt unser Unternehmen einer rechtlichen Verpflichtung, durch welche eine Verarbeitung von personenbezogenen Daten erforderlich wird, wie beispielsweise zur Erf\u00fcllung steuerlicher Pflichten, so basiert die Verarbeitung auf Art. 6 Abs. S. 1 lit. c DSGVO. In seltenen F\u00e4llen k\u00f6nnte die Verarbeitung von personenbezogenen Daten erforderlich werden, um lebenswichtige Interessen der betroffenen Person oder einer anderen nat\u00fcrlichen Person zu sch\u00fctzen, Art. 6 Abs. S. 1 lit. d DSGVO. Letztlich k\u00f6nnten Verarbeitungsvorg\u00e4nge auch auf Art. 6 Abs. S. 1 lit. f DSGVO beruhen. Auf dieser Rechtsgrundlage basieren Verarbeitungsvorg\u00e4nge, die von keiner der vorgenannten Rechtsgrundlagen erfasst werden, wenn die Verarbeitung zur Wahrung eines berechtigten Interesses unseres Unternehmens oder eines Dritten erforderlich ist, sofern die Interessen, Grundrechte und Grundfreiheiten des Betroffenen nicht \u00fcberwiegen.<\/p>\n<h2><\/h2>\n<hr \/>\n<h2>Personenbezogene Daten<\/h2>\n<p>Personenbezogene Daten sind Einzelangaben \u00fcber pers\u00f6nliche oder sachliche Verh\u00e4ltnisse einer bestimmten oder bestimmbaren nat\u00fcrlichen Person.<\/p>\n<p>Wir werden Ihre personenbezogenen Daten nur erheben oder verwenden, soweit dies f\u00fcr die Ausf\u00fchrung eines Dienstes erforderlich ist oder Sie uns dazu Ihre (elektronische) Einwilligung erteilt haben.<\/p>\n<p>Wir erheben und verwenden Ihre Daten ausschlie\u00dflich zweckgebunden in folgenden F\u00e4llen:<\/p>\n<p>\u00b7\u00a0 Nutzung folgender Funktionen: Kontaktanfrageformular, Terminbuchung, R\u00fcckruf, Infomaterialanforderung, Foto-Anfrage.<br \/>\n\u00b7\u00a0 Um Ihnen Informationen \u00fcber den Status eines von Ihnen angefragten Angebots zukommen zu lassen<\/p>\n<p>&nbsp;<\/p>\n<hr \/>\n<h2>Allgemeine Erhebung von Daten<\/h2>\n<p>Wenn Sie auf unsere Webseite zugreifen oder eine Datei abrufen, werden Daten \u00fcber diesen Vorgang in einer Protokolldatei auf unserem Webserver gespeichert. Im Einzelnen k\u00f6nnen folgende Daten gespeichert werden:<\/p>\n<p>\u00b7\u00a0 IP-Adresse (wenn m\u00f6glich, wird diese anonymisiert gespeichert)<\/p>\n<p>\u00b7\u00a0 Domain-Name der Webseite, von der Sie kamen<\/p>\n<p>\u00b7\u00a0 Namen der abgerufenen Dateien<\/p>\n<p>\u00b7\u00a0 Datum und Uhrzeit eines Abrufs<\/p>\n<p>\u00b7\u00a0 Name Ihres Internet Service Providers<\/p>\n<p>\u00b7\u00a0 sowie ggf. Betriebssystem und Browserversion Ihres Endger\u00e4ts<\/p>\n<p>IP-Adressen speichern wir nur aus Datensicherheitsgr\u00fcnden, um die Stabilit\u00e4t und die Sicherheit unseres Systems zu gew\u00e4hrleisten (Rechtsgrundlage: Art. 6 Abs. 1 lit. f DSGVO). Die statistische Auswertung anonymisierter Datens\u00e4tze bleibt vorbehalten.<\/p>\n<p>&nbsp;<\/p>\n<hr \/>\n<h2>Dauer der Datenspeicherung<\/h2>\n<p>Die Dauer der Datenspeicherung ist gesetzlich geregelt. Behandlungsunterlagen im Regelfall 10 Jahre. Sobald ihre personenbezogenen Daten zweckgebunden nicht mehr ben\u00f6tigt werden oder erforderlich sind und keine gesetzliche Aufbewahrungspflicht mehr bestehen, werden ihre Daten gel\u00f6scht.<\/p>\n<p>&nbsp;<\/p>\n<hr \/>\n<h2>Widerspruchsrecht<\/h2>\n<p>Sie haben das Recht, einer Verarbeitung Ihrer personenbezogenen Daten zu Zwecken der Direktwerbung oder zu anderen Zwecken au\u00dfer der Behandlung zu widersprechen. Die Behandlung ist ohne Verarbeitung ihrer personenbezogenen Daten nicht m\u00f6glich.<\/p>\n<p>&nbsp;<\/p>\n<hr \/>\n<h2>Recht auf Beschwerde bei einer Aufsichtsbeh\u00f6rde<\/h2>\n<p>Jede betroffene Person hat unbeschadet eines anderweitigen verwaltungsrechtlichen oder gerichtlichen Rechtsbehelfs das Recht auf Beschwerde bei einer Aufsichtsbeh\u00f6rde, insbesondere in dem Mitgliedstaat ihres Aufenthaltsorts, ihres Arbeitsplatzes oder des Orts des mutma\u00dflichen Versto\u00dfes, wenn die betroffene Person der Ansicht ist, dass die Verarbeitung der sie betreffenden personenbezogenen Daten gegen die Datenschutzgrundverordnung der EU (DS-GVO) verst\u00f6\u00dft.<\/p>\n<p>Sie haben die M\u00f6glichkeit, sich mit einer Beschwerde oder bei Frage an uns zu wenden.<\/p>\n<p>&nbsp;<\/p>\n<hr \/>\n<h2>Recht auf Daten\u00fcbertragbarkeit<\/h2>\n<p>Sie haben das Recht die Sie betreffenden personenbezogenen Daten, die Sie uns bereitgestellt haben, in einem strukturierten, g\u00e4ngigen und maschinenlesbaren Format zu erhalten.<\/p>\n<p>&nbsp;<\/p>\n<hr \/>\n<h3>Auskunftsrechte des Betroffenen<\/h3>\n<p>Nach der Datenschutzgrundverordnung (DS-GVO) sowie dem Bundesdatenschutzgesetz neu haben Betroffene ein Recht auf unentgeltliche Auskunft \u00fcber ihre gespeicherten Daten sowie ggf. ein Recht auf Berichtigung, Sperrung oder L\u00f6schung von Daten gem. Art. 17 Abs. 1 DS-GVO: (Recht auf L\u00f6schung (\u201eRecht auf Vergessenwerden\u201c).<\/p>\n<p>Sie haben das Recht:<\/p>\n<ul>\n<li>gem\u00e4\u00df Art. 15 DSGVO Auskunft \u00fcber Ihre von mir verarbeiteten personenbezogenen Daten zu verlangen. Insbesondere k\u00f6nnen Sie Auskunft \u00fcber die Verarbeitungszwecke, die Kategorie der personenbezogenen Daten, die Kategorien von Empf\u00e4ngern, gegen\u00fcber denen Ihre Daten offengelegt wurden oder werden, die geplante Speicherdauer, das Bestehen eines Rechts auf Berichtigung, L\u00f6schung, Einschr\u00e4nkung der Verarbeitung oder Widerspruch, das Bestehen eines Beschwerderechts, die Herkunft ihrer Daten, sofern diese nicht bei mir erhoben wurden, sowie \u00fcber das Bestehen einer automatisierten Entscheidungsfindung einschlie\u00dflich Profiling und ggf. aussagekr\u00e4ftigen Informationen zu deren Einzelheiten verlangen;<\/li>\n<li>gem\u00e4\u00df Art. 16 DSGVO unverz\u00fcglich die Berichtigung unrichtiger oder Vervollst\u00e4ndigung Ihrer bei mir gespeicherten personenbezogenen Daten zu verlangen;<\/li>\n<li>gem\u00e4\u00df Art. 17 DSGVO die L\u00f6schung Ihrer bei mir gespeicherten personenbezogenen Daten zu verlangen, soweit nicht die Verarbeitung zur Aus\u00fcbung des Rechts auf freie Meinungs\u00e4u\u00dferung und Information, zur Erf\u00fcllung einer rechtlichen Verpflichtung, aus Gr\u00fcnden des \u00f6ffentlichen Interesses oder zur Geltendmachung, Aus\u00fcbung oder Verteidigung von Rechtsanspr\u00fcchen erforderlich ist;<\/li>\n<li>gem\u00e4\u00df Art. 18 DSGVO die Einschr\u00e4nkung der Verarbeitung Ihrer personenbezogenen Daten zu verlangen, soweit die Richtigkeit der Daten von Ihnen bestritten wird, die Verarbeitung unrechtm\u00e4\u00dfig ist, Sie aber deren L\u00f6schung ablehnen und wir die Daten nicht mehr ben\u00f6tigen, Sie jedoch diese zur Geltendmachung, Aus\u00fcbung oder Verteidigung von Rechtsanspr\u00fcchen ben\u00f6tigen oder Sie gem\u00e4\u00df Art. 21 DSGVO Widerspruch gegen die Verarbeitung eingelegt haben;<\/li>\n<li>gem\u00e4\u00df Art. 20 DSGVO Ihre personenbezogenen Daten, die Sie mir bereitgestellt haben, in einem strukturierten, g\u00e4ngigen und maschinenlesbaren Format zu erhalten oder die \u00dcbermittlung an einen anderen Verantwortlichen zu verlangen;<\/li>\n<li>gem\u00e4\u00df Art. 7 Abs. 3 DSGVO Ihre einmal erteilte Einwilligung jederzeit mir gegen\u00fcber zu widerrufen. Dies hat zur Folge, dass wir die Datenverarbeitung, die auf dieser Einwilligung beruhte, f\u00fcr die Zukunft nicht mehr fortf\u00fchren d\u00fcrfen und<\/li>\n<li>gem\u00e4\u00df Art. 77 DSGVO haben Sie unbeschadet eines anderweitigen verwaltungsrechtlichen oder gerichtlichen Rechtsbehelfs das Recht, sich bei einer Aufsichtsbeh\u00f6rde zu beschweren. In der Regel k\u00f6nnen Sie sich hierf\u00fcr an die Aufsichtsbeh\u00f6rde Ihres \u00fcblichen Aufenthaltsortes oder Arbeitsplatzes oder den Ort des Orts des mutma\u00dflichen Versto\u00dfes wenden, wenn die betroffene Person der Ansicht ist, dass die Verarbeitung der sie betreffenden personenbezogenen Daten gegen die Datenschutzgrundverordnung der EU (DS-GVO) verst\u00f6\u00dft.<\/li>\n<\/ul>\n<p>&nbsp;<\/p>\n<p>Auf schriftliche Anfrage informieren wir Sie \u00fcber die zu Ihrer Person durch uns gespeicherten Daten. Sie haben auch ein Recht auf Berichtigung, Sperrung, Widerspruch oder L\u00f6schung dieser Daten. Die Anfrage ist an unsere im Impressum der Webseite angegebene Adresse zu richten.<\/p>\n<p>&nbsp;<\/p>\n<hr \/>\n<h2>Widerrufsrecht<\/h2>\n<p>Sofern Ihre personenbezogenen Daten auf Grundlage von berechtigten Interessen erarbeitet werden, haben Sie das Recht, gem\u00e4\u00df Art. 21 DSGVO Widerspruch gegen die Verarbeitung Ihrer personenbezogenen Daten einzulegen, soweit daf\u00fcr Gr\u00fcnde vorliegen, die sich aus Ihrer besonderen Situation ergeben oder sich der Widerspruch gegen Direktwerbung richtet. Im letzteren Fall haben Sie ein generelles Widerspruchsrecht, das ohne Angabe einer besonderen Situation von mir umgesetzt wird. M\u00f6chten Sie von Ihrem Widerrufs- oder Widerspruchsrecht Gebrauch machen, gen\u00fcgt eine E-Mail an unsere im Impressum der Webseite angegebene Adresse.<\/p>\n<p>Richten Sie Ihre Anfrage bitte per E-Mail oder per Post unter eindeutiger Identifizierung Ihrer Person an:<\/p>\n<p>Berlin Hair Care<\/p>\n<p>Gartenstr. 2<\/p>\n<p>10115 Berlin<\/p>\n<p>oder per E-Mail an: &#105;&#x6e;&#102;&#x6f;&#64;&#x62;&#101;&#x72;&#108;&#x69;&#110;&#x68;&#97;&#x69;&#114;&#x63;&#97;&#x72;&#101;&#x2e;&#100;&#x65;<\/p>\n<p>&nbsp;<\/p>\n<hr \/>\n<h2>Weitergabe von Daten<\/h2>\n<p>Eine \u00dcbermittlung Ihrer pers\u00f6nlichen Daten an Dritte zu anderen als den im Folgenden aufgef\u00fchrten Zwecken findet nicht statt. Wir geben Ihre pers\u00f6nlichen Daten an Dritte nur weiter, wenn:<\/p>\n<p>&nbsp;<\/p>\n<ul>\n<li>Sie Ihren nach Art. 6 Abs. 1 S. 1 lit. a DSGVO ausdr\u00fcckliche Einwilligung dazu erteilt haben,<\/li>\n<li>die Weitergabe nach Art. 6 Abs. 1 S. 1 lit. f DSGVO zur Geltendmachung, Aus\u00fcbung oder Verteidigung von Rechtsanspr\u00fcchen erforderlich ist und kein Grund zur Annahme besteht, dass Sie ein \u00fcberwiegendes schutzw\u00fcrdiges Interesse an der Nichtweitergabe Ihrer Daten haben,<\/li>\n<li>f\u00fcr den Fall, dass f\u00fcr die Weitergabe nach Art. 6 Abs. 1 S. 1 lit. c DSGVO eine gesetzliche Verpflichtung besteht, sowie<\/li>\n<li>dieses gesetzlich zul\u00e4ssig und nach Art. 6 Abs. 1 S. 1 lit. b DSGVO f\u00fcr die Abwicklung von Vertragsverh\u00e4ltnissen mit Ihnen erforderlich ist.<\/li>\n<\/ul>\n<p>&nbsp;<\/p>\n<hr \/>\n<h2>Cookies<\/h2>\n<p>Unsere Internetseite verwendet Cookies. Ein Cookie ist eine Textdatei, die beim Besuch einer Internetseite erstellt und auf dem System des Nutzers der Website zwischengespeichert wird. Wird der Server unserer Webseite erneut vom Nutzer der Website aufgerufen, sendet der Browser des Nutzers der Website den zuvor empfangenen Cookie wieder zur\u00fcck an den Server. Der Server kann die durch dieses Verfahren erhaltenen Informationen auswerten. Durch Cookies k\u00f6nnen beispielsweise Werbeeinblendungen gesteuert oder das Navigieren auf einer Internetseite erleichtert werden. Cookies sind ferner erforderlich, um die Funktionsf\u00e4higkeit unseres Webseiten-Betriebs zu erm\u00f6glichen (als Rechtsgrundlage ist Art. 6 Abs. 1 lit f DSGVO genannt, die Wahrung der berechtigten Interessen des Betreibers dieser Webseite \u2013 wir verwenden Cookies nur in Vereinbarung mit Art. 5 Abs. 1 lit a DSGVO, also gem\u00e4\u00df der Prinzipien \u201eRechtm\u00e4\u00dfigkeit, Verarbeitung nach Treu und Glauben, Transparenz\u201c).<\/p>\n<p>Wenn Sie die Nutzung von Cookies unterbinden wollen, k\u00f6nnen Sie dies durch lokale Einstellungen in Ihrem Internetbrowser, (z.B. Internet Explorer, Mozilla Firefox, Opera oder Safari) tun.<\/p>\n<p>Soweit Sie bei der Nutzung unserer Dienste um die Angabe pers\u00f6nlicher Informationen gebeten ist die Beantwortung dieser Fragen freiwillig. Ihre pers\u00f6nlichen Daten werden entsprechend den deutschen Datenschutzbestimmungen gespeichert und verarbeitet.<\/p>\n<p>Die im Rahmen dieser Webseiten erhobenen personenbezogenen Daten werden zum Zweck der Auftragsabwicklung und der Bearbeitung Ihrer Anfragen genutzt. Ein Dienstleister f\u00fchrt f\u00fcr uns das Versenden der bestellten Brosch\u00fcren und \u00fcbrigen Medien durch. F\u00fcr diesen Zweck werden ihm die bei Ihrer Bestellung erfassten pers\u00f6nlichen Daten \u00fcbergeben. Dar\u00fcber hinaus findet keine Weitergabe Ihrer Daten an Dritte statt. Eine Verarbeitung und Nutzung Ihrer Daten dient ausschlie\u00dflich f\u00fcr Zwecke der Beratung und der Marktforschung.<\/p>\n<p>&nbsp;<\/p>\n<hr \/>\n<h2>Google Analytics<\/h2>\n<p>Diese Website benutzt Google Analytics, einen Webanalysedienst der Goolge Inc. (\u201eGoogle\u201c) Google Analytics verwendet sog. \u201eCookies\u201c, Textdateien, die auf Ihrem Computer gespeichert werden und die eine Analyse der Benutzung der Website durch Sie erm\u00f6glicht. Die durch den Cookie erzeugten Informationen \u00fcber Ihre Benutzung diese Website (einschlie\u00dflich Ihrer IP-Adresse) wird an einen Server der Google in den USA \u00fcbertragen und dort gespeichert. Google wird diese Informationen benutzen, um Ihre Nutzung der Website auszuwerten, um Reports \u00fcber die Websiteaktivit\u00e4ten f\u00fcr die Websitebetreiber zusammenzustellen und um weitere mit der Websitenutzung und der Internetnutzung verbundene Dienstleistungen zu erbringen. Auch wird Google diese Informationen gegebenenfalls an Dritte \u00fcbertragen, sofern dies gesetzlich vorgeschrieben oder soweit Dritte diese Daten im Auftrag von Google verarbeiten. Google wird in keinem Fall Ihre IP-Adresse mit anderen Daten der Google in Verbindung bringen. Sie k\u00f6nnen die Installation der Cookies durch eine entsprechende Einstellung Ihrer Browser Software verhindern; wir weisen Sie jedoch darauf hin, dass Sie in diesem Fall gegebenenfalls nicht s\u00e4mtliche Funktionen dieser Website voll umf\u00e4nglich nutzen k\u00f6nnen. Durch die Nutzung dieser Website erkl\u00e4ren Sie sich mit der Bearbeitung der \u00fcber Sie erhobenen Daten durch Google in der zuvor beschriebenen Art und Weise und zu dem zuvor benannten Zweck einverstanden.<\/p>\n<p>&nbsp;<\/p>\n<p>Der Datenerhebung und -speicherung kann jederzeit mit Wirkung f\u00fcr die Zukunft widersprochen werden. Wir m\u00f6chten au\u00dferdem darauf hinweisen, dass diese Website Google Analytics mit der Erweiterung \u201e_anonymizeIp()\u201c verwendet und daher IP-Adressen nur gek\u00fcrzt weiterverarbeitet werden, um eine direkte Personenbeziehbarkeit auszuschlie\u00dfen.<\/p>\n<p>&nbsp;<\/p>\n<p>&nbsp;<\/p>\n<p>&nbsp;<\/p>\n<hr \/>\n<h2>Kontaktformular<\/h2>\n<p>Wenn Sie uns per Kontaktformular Anfragen zukommen lassen, werden Ihre Angaben aus dem Anfrageformular inklusive der von Ihnen dort angegebenen Kontaktdaten zwecks Bearbeitung der Anfrage und f\u00fcr den Fall von Anschlussfragen bei uns gespeichert und verarbeitet. Sie k\u00f6nnen dem jederzeit widersprechen (Widerrufsrecht). Ihre Daten geben wir nicht ohne Ihre Einwilligung weiter.<\/p>\n<p>&nbsp;<\/p>\n<hr \/>\n<h2>Links zu anderen Webseiten<\/h2>\n<p>Unsere Website\/App kann von Zeit zu Zeit Links zu Websites Dritter oder zu anderen Websites von uns selbst enthalten. Wenn Sie einem Link zu einer dieser Websites folgen, weisen wir Sie darauf hin, dass diese Websites ihre eigenen Datenschutzrichtlinien haben und dass wir f\u00fcr diese Richtlinien keine Verantwortung oder Haftung \u00fcbernehmen. Bitte \u00fcberpr\u00fcfen Sie diese Datenschutzrichtlinien, bevor Sie personenbezogenen Daten an diese Websites weitergeben.<\/p>\n<p>&nbsp;<\/p>\n<hr \/>\n<h2>SSL-Verschl\u00fcsselung<\/h2>\n<p>Diese Website nutzt die SSL-Verschl\u00fcsselung (Secure Socket Layer) f\u00fcr die \u00dcbertragung von Daten Ihres Browsers zu unserem Server und zu Servern, die Dateien bereitstellen, welche wir auf unserer Webseite einbinden.<\/p>\n<p>Mit SSL werden Daten verschl\u00fcsselt \u00fcbertragen. Die Daten sind nicht ver\u00e4nderbar und der Absender kann identifiziert werden.<\/p>\n<p>Sie erkennen das Vorhandensein der SSL-Verschl\u00fcsselung anhand des vorangestellten Textes \u201ehttps\u201c vor der Adresse der Webseite, die sie im Browser aufrufen.<\/p>\n<p>&nbsp;<\/p>\n<hr \/>\n<h2>Verweise auf Webseiten Dritter<\/h2>\n<p>Auf dieser Webseite werden Verweise auf Webseiten Dritter in Form sogenannter Links bzw. Verlinkungen angeboten. Erst wenn Sie auf einen solchen Link klicken, werden Daten zum Linkziel \u00fcbertragen. Dies ist technisch notwendig. Die \u00fcbertragenen Daten sind insbesondere: Ihre IP-Adresse, der Zeitpunkt zu dem Sie den Link angeklickt haben, die Seite auf der Sie den Link angeklickt haben, Angaben zu Ihrem Internet-Browser. Wenn Sie nicht m\u00f6chten, dass diese Daten zum Linkziel \u00fcbertragen werden, klicken Sie den Link nicht an.<\/p>\n<p>&nbsp;<\/p>\n<hr \/>\n<h2>\u00c4nderungen dieser Datenschutzerkl\u00e4rung<\/h2>\n<p>Wir behalten uns vor, diese Datenschutzerkl\u00e4rung zu \u00e4ndern, wenn sich die Rechtslage oder dieses Online-Angebot oder die Art der Datenerfassung \u00e4ndert. Dies gilt jedoch nur bez\u00fcglich Erkl\u00e4rungen zur Datenverarbeitung. Sofern eine Einwilligung des Nutzers notwendig ist oder Bestandteile der Datenschutzerkl\u00e4rung eine Regelung des Vertragsverh\u00e4ltnisses mit Nutzern enthalten, erfolgt die \u00c4nderung der Datenschutzerkl\u00e4rung nur nach Zustimmung des Nutzers.<\/p>\n<p>Der Verarbeitung und Nutzung Ihrer personenbezogenen Daten zum Zwecke der Werbung k\u00f6nnen Sie Otberg Medical gegen\u00fcber jederzeit widersprechen. Bitte wenden Sie sich in entsprechenden F\u00e4llen an:<\/p>\n<p>&nbsp;<\/p>\n<p><strong>Berlin Hair Care<\/strong><\/p>\n<p>Gartenstr. 2<br \/>\n10115 Berlin<br \/>\nTelefon: +49 (0) 176 . 70 63 43 68<br \/>\nE-Mail: &#105;&#x6e;&#x66;&#111;&#x40;&#x62;e&#x72;&#x6c;i&#110;&#x68;a&#105;&#x72;c&#97;&#x72;e&#46;&#x64;e<\/p>\n<h2><\/h2>\n<hr \/>\n<h2>Datenschutzbeauftragte<\/h2>\n<p>Datenschutzbeauftragter von Berlin Hair Care<br \/>\nDermot L\u00f6hr<br \/>\nE-Mail: &#105;&#x6e;f&#111;&#x40;b&#101;&#x72;l&#x69;&#x6e;&#104;&#x61;i&#114;&#x63;a&#114;&#x65;&#46;&#x64;&#x65;<\/p>\n<p>&nbsp;<\/p>\n<p>&nbsp;<\/p>\n","protected":false},"excerpt":{"rendered":"<p>Data Protection Declaration &nbsp; Hinweise zum Schutz Ihrer personenbezogenen Daten Mit den folgenden Hinweisen informieren wir Sie \u00fcber die Verarbeitung Ihrer pers\u00f6nlichen, d. h. personenbezogenen Daten durch Otberg Medical und \u00fcber Ihre Rechte unter Beachtung der EU-Datenschutz-Grundverordnung (DSGVO) und des Bundesdatenschutzgesetzes neu (BDSG) sowie aller&#8230;<\/p>\n","protected":false},"author":3,"featured_media":0,"parent":0,"menu_order":0,"comment_status":"closed","ping_status":"closed","template":"","meta":{"footnotes":""},"class_list":["post-768","page","type-page","status-publish","hentry"],"yoast_head":"<!-- This site is optimized with the Yoast SEO plugin v27.2 - https:\/\/yoast.com\/product\/yoast-seo-wordpress\/ -->\n<title>Data Protection - Otberg Medical<\/title>\n<meta name=\"robots\" content=\"index, follow, max-snippet:-1, max-image-preview:large, max-video-preview:-1\" \/>\n<link rel=\"canonical\" href=\"https:\/\/www.otberg-medical.de\/en\/data-protection\/\" \/>\n<meta property=\"og:locale\" content=\"en_US\" \/>\n<meta property=\"og:type\" content=\"article\" \/>\n<meta property=\"og:title\" content=\"Data Protection - Otberg Medical\" \/>\n<meta property=\"og:description\" content=\"Data Protection Declaration &nbsp; Hinweise zum Schutz Ihrer personenbezogenen Daten Mit den folgenden Hinweisen informieren wir Sie \u00fcber die Verarbeitung Ihrer pers\u00f6nlichen, d. h. personenbezogenen Daten durch Otberg Medical und \u00fcber Ihre Rechte unter Beachtung der EU-Datenschutz-Grundverordnung (DSGVO) und des Bundesdatenschutzgesetzes neu (BDSG) sowie aller...\" \/>\n<meta property=\"og:url\" content=\"https:\/\/www.otberg-medical.de\/en\/data-protection\/\" \/>\n<meta property=\"og:site_name\" content=\"Otberg Medical\" \/>\n<meta property=\"article:modified_time\" content=\"2021-02-16T12:53:09+00:00\" \/>\n<meta name=\"twitter:card\" content=\"summary_large_image\" \/>\n<meta name=\"twitter:label1\" content=\"Est. reading time\" \/>\n\t<meta name=\"twitter:data1\" content=\"12 minutes\" \/>\n<!-- \/ Yoast SEO plugin. -->","yoast_head_json":{"title":"Data Protection - Otberg Medical","robots":{"index":"index","follow":"follow","max-snippet":"max-snippet:-1","max-image-preview":"max-image-preview:large","max-video-preview":"max-video-preview:-1"},"canonical":"https:\/\/www.otberg-medical.de\/en\/data-protection\/","og_locale":"en_US","og_type":"article","og_title":"Data Protection - Otberg Medical","og_description":"Data Protection Declaration &nbsp; Hinweise zum Schutz Ihrer personenbezogenen Daten Mit den folgenden Hinweisen informieren wir Sie \u00fcber die Verarbeitung Ihrer pers\u00f6nlichen, d. h. personenbezogenen Daten durch Otberg Medical und \u00fcber Ihre Rechte unter Beachtung der EU-Datenschutz-Grundverordnung (DSGVO) und des Bundesdatenschutzgesetzes neu (BDSG) sowie aller...","og_url":"https:\/\/www.otberg-medical.de\/en\/data-protection\/","og_site_name":"Otberg Medical","article_modified_time":"2021-02-16T12:53:09+00:00","twitter_card":"summary_large_image","twitter_misc":{"Est. reading time":"12 minutes"},"schema":{"@context":"https:\/\/schema.org","@graph":[{"@type":"WebPage","@id":"https:\/\/www.otberg-medical.de\/en\/data-protection\/","url":"https:\/\/www.otberg-medical.de\/en\/data-protection\/","name":"Data Protection - Otberg Medical","isPartOf":{"@id":"https:\/\/www.otberg-medical.de\/#website"},"datePublished":"2021-02-15T13:10:35+00:00","dateModified":"2021-02-16T12:53:09+00:00","breadcrumb":{"@id":"https:\/\/www.otberg-medical.de\/en\/data-protection\/#breadcrumb"},"inLanguage":"en-US","potentialAction":[{"@type":"ReadAction","target":["https:\/\/www.otberg-medical.de\/en\/data-protection\/"]}]},{"@type":"BreadcrumbList","@id":"https:\/\/www.otberg-medical.de\/en\/data-protection\/#breadcrumb","itemListElement":[{"@type":"ListItem","position":1,"name":"Home","item":"https:\/\/www.otberg-medical.de\/en\/"},{"@type":"ListItem","position":2,"name":"Data Protection"}]},{"@type":"WebSite","@id":"https:\/\/www.otberg-medical.de\/#website","url":"https:\/\/www.otberg-medical.de\/","name":"Otberg Medical","description":"Hair Transplant Center Berlin","potentialAction":[{"@type":"SearchAction","target":{"@type":"EntryPoint","urlTemplate":"https:\/\/www.otberg-medical.de\/?s={search_term_string}"},"query-input":{"@type":"PropertyValueSpecification","valueRequired":true,"valueName":"search_term_string"}}],"inLanguage":"en-US"}]}},"_links":{"self":[{"href":"https:\/\/www.otberg-medical.de\/en\/wp-json\/wp\/v2\/pages\/768","targetHints":{"allow":["GET"]}}],"collection":[{"href":"https:\/\/www.otberg-medical.de\/en\/wp-json\/wp\/v2\/pages"}],"about":[{"href":"https:\/\/www.otberg-medical.de\/en\/wp-json\/wp\/v2\/types\/page"}],"author":[{"embeddable":true,"href":"https:\/\/www.otberg-medical.de\/en\/wp-json\/wp\/v2\/users\/3"}],"replies":[{"embeddable":true,"href":"https:\/\/www.otberg-medical.de\/en\/wp-json\/wp\/v2\/comments?post=768"}],"version-history":[{"count":1,"href":"https:\/\/www.otberg-medical.de\/en\/wp-json\/wp\/v2\/pages\/768\/revisions"}],"predecessor-version":[{"id":861,"href":"https:\/\/www.otberg-medical.de\/en\/wp-json\/wp\/v2\/pages\/768\/revisions\/861"}],"wp:attachment":[{"href":"https:\/\/www.otberg-medical.de\/en\/wp-json\/wp\/v2\/media?parent=768"}],"curies":[{"name":"wp","href":"https:\/\/api.w.org\/{rel}","templated":true}]}}